{"id":2678,"date":"2026-03-07T15:04:08","date_gmt":"2026-03-07T12:04:08","guid":{"rendered":"https:\/\/cycorp.com.tr\/our-services\/"},"modified":"2026-04-02T19:20:13","modified_gmt":"2026-04-02T16:20:13","slug":"news","status":"publish","type":"page","link":"https:\/\/cycorp.com.tr\/tr\/news\/","title":{"rendered":"Haberler"},"content":{"rendered":"<div data-elementor-type=\"wp-page\" data-elementor-id=\"2678\" class=\"elementor elementor-2678\" data-elementor-post-type=\"page\">\n\t\t\t\t<div class=\"elementor-element elementor-element-60024561 e-flex e-con-boxed e-con e-parent\" data-id=\"60024561\" data-element_type=\"container\" data-e-type=\"container\" data-settings=\"{&quot;background_background&quot;:&quot;classic&quot;}\">\n\t\t\t\t\t<div class=\"e-con-inner\">\n\t\t\t\t<div class=\"elementor-element elementor-element-52d0c77f elementor-widget elementor-widget-heading\" data-id=\"52d0c77f\" data-element_type=\"widget\" data-e-type=\"widget\" data-widget_type=\"heading.default\">\n\t\t\t\t<div class=\"elementor-widget-container\">\n\t\t\t\t\t<h2 class=\"elementor-heading-title elementor-size-default\">HABERLER<\/h2>\t\t\t\t<\/div>\n\t\t\t\t<\/div>\n\t\t\t\t\t<\/div>\n\t\t\t\t<\/div>\n\t\t<div class=\"elementor-element elementor-element-f6bfb0b e-flex e-con-boxed e-con e-parent\" data-id=\"f6bfb0b\" data-element_type=\"container\" data-e-type=\"container\">\n\t\t\t\t\t<div class=\"e-con-inner\">\n\t\t\t\t<div class=\"elementor-element elementor-element-ed0df9f elementor-widget elementor-widget-heading\" data-id=\"ed0df9f\" data-element_type=\"widget\" data-e-type=\"widget\" data-widget_type=\"heading.default\">\n\t\t\t\t<div class=\"elementor-widget-container\">\n\t\t\t\t\t<h2 class=\"elementor-heading-title elementor-size-default\">HABERLER<\/h2>\t\t\t\t<\/div>\n\t\t\t\t<\/div>\n\t\t\t\t\t<\/div>\n\t\t\t\t<\/div>\n\t\t<div class=\"elementor-element elementor-element-6681bdb e-flex e-con-boxed e-con e-parent\" data-id=\"6681bdb\" data-element_type=\"container\" data-e-type=\"container\">\n\t\t\t\t\t<div class=\"e-con-inner\">\n\t\t\t\t<div class=\"elementor-element elementor-element-d1cdb66 elementor-grid-4 elementor-grid-tablet-2 elementor-grid-mobile-1 elementor-posts--thumbnail-top elementor-card-shadow-yes elementor-posts__hover-gradient elementor-widget elementor-widget-posts\" data-id=\"d1cdb66\" data-element_type=\"widget\" data-e-type=\"widget\" data-settings=\"{&quot;cards_columns&quot;:&quot;4&quot;,&quot;cards_columns_tablet&quot;:&quot;2&quot;,&quot;cards_columns_mobile&quot;:&quot;1&quot;,&quot;cards_row_gap&quot;:{&quot;unit&quot;:&quot;px&quot;,&quot;size&quot;:35,&quot;sizes&quot;:[]},&quot;cards_row_gap_tablet&quot;:{&quot;unit&quot;:&quot;px&quot;,&quot;size&quot;:&quot;&quot;,&quot;sizes&quot;:[]},&quot;cards_row_gap_mobile&quot;:{&quot;unit&quot;:&quot;px&quot;,&quot;size&quot;:&quot;&quot;,&quot;sizes&quot;:[]}}\" data-widget_type=\"posts.cards\">\n\t\t\t\t<div class=\"elementor-widget-container\">\n\t\t\t\t\t\t\t<div class=\"elementor-posts-container elementor-posts elementor-posts--skin-cards elementor-grid\" role=\"list\">\n\t\t\t\t<article class=\"elementor-post elementor-grid-item post-4748 post type-post status-publish format-standard has-post-thumbnail hentry category-news\" role=\"listitem\">\n\t\t\t<div class=\"elementor-post__card\">\n\t\t\t\t<a class=\"elementor-post__thumbnail__link\" href=\"https:\/\/cycorp.com.tr\/tr\/cya-owner-canay-yilmaz-attended-turkish-business-leaders-meeting-in-doha\/\" tabindex=\"-1\" ><div class=\"elementor-post__thumbnail\"><img fetchpriority=\"high\" decoding=\"async\" width=\"1080\" height=\"810\" src=\"https:\/\/cycorp.com.tr\/wp-content\/uploads\/2026\/04\/1.jpg\" class=\"attachment-full size-full wp-image-4752\" alt=\"\" srcset=\"https:\/\/cycorp.com.tr\/wp-content\/uploads\/2026\/04\/1.jpg 1080w, https:\/\/cycorp.com.tr\/wp-content\/uploads\/2026\/04\/1-300x225.jpg 300w, https:\/\/cycorp.com.tr\/wp-content\/uploads\/2026\/04\/1-1024x768.jpg 1024w, https:\/\/cycorp.com.tr\/wp-content\/uploads\/2026\/04\/1-768x576.jpg 768w, https:\/\/cycorp.com.tr\/wp-content\/uploads\/2026\/04\/1-16x12.jpg 16w\" sizes=\"(max-width: 1080px) 100vw, 1080px\" \/><\/div><\/a>\n\t\t\t\t<div class=\"elementor-post__badge\">Haberler<\/div>\n\t\t\t\t<div class=\"elementor-post__text\">\n\t\t\t\t<h3 class=\"elementor-post__title\">\n\t\t\t<a href=\"https:\/\/cycorp.com.tr\/tr\/cya-owner-canay-yilmaz-attended-turkish-business-leaders-meeting-in-doha\/\" >\n\t\t\t\tCYA&#039;n\u0131n sahibi Canay Y\u0131lmaz, Doha&#039;da d\u00fczenlenen T\u00fcrk \u0130\u015f D\u00fcnyas\u0131 Liderleri Toplant\u0131s\u0131&#039;na kat\u0131ld\u0131.\t\t\t<\/a>\n\t\t<\/h3>\n\t\t\t\t<div class=\"elementor-post__excerpt\">\n\t\t\t<p>CYA firma sahibimiz Say\u0131n Canay YILMAZ, IIT 6. Calisma Bakanlar\u0131 Konferans\u0131 kapsaminda Katar&#039;\u0131 ziyaret eden Calisma ve Sosyal<\/p>\n\t\t<\/div>\n\t\t\n\t\t<a class=\"elementor-post__read-more\" href=\"https:\/\/cycorp.com.tr\/tr\/cya-owner-canay-yilmaz-attended-turkish-business-leaders-meeting-in-doha\/\" aria-label=\"Read more about CYA Owner Canay Y\u0131lmaz Attended Turkish Business Leaders Meeting in Doha\" tabindex=\"-1\" >\n\t\t\t\t\t<\/a>\n\n\t\t\t\t<\/div>\n\t\t\t\t\t<\/div>\n\t\t<\/article>\n\t\t\t\t<\/div>\n\t\t\n\t\t\t\t\t\t<\/div>\n\t\t\t\t<\/div>\n\t\t\t\t\t<\/div>\n\t\t\t\t<\/div>\n\t\t\t\t<\/div>","protected":false},"excerpt":{"rendered":"<p>NEWS NEWS<\/p>","protected":false},"author":1,"featured_media":2688,"parent":0,"menu_order":0,"comment_status":"closed","ping_status":"closed","template":"","meta":{"footnotes":""},"class_list":["post-2678","page","type-page","status-publish","has-post-thumbnail","hentry"],"_links":{"self":[{"href":"https:\/\/cycorp.com.tr\/tr\/wp-json\/wp\/v2\/pages\/2678","targetHints":{"allow":["GET"]}}],"collection":[{"href":"https:\/\/cycorp.com.tr\/tr\/wp-json\/wp\/v2\/pages"}],"about":[{"href":"https:\/\/cycorp.com.tr\/tr\/wp-json\/wp\/v2\/types\/page"}],"author":[{"embeddable":true,"href":"https:\/\/cycorp.com.tr\/tr\/wp-json\/wp\/v2\/users\/1"}],"replies":[{"embeddable":true,"href":"https:\/\/cycorp.com.tr\/tr\/wp-json\/wp\/v2\/comments?post=2678"}],"version-history":[{"count":96,"href":"https:\/\/cycorp.com.tr\/tr\/wp-json\/wp\/v2\/pages\/2678\/revisions"}],"predecessor-version":[{"id":4812,"href":"https:\/\/cycorp.com.tr\/tr\/wp-json\/wp\/v2\/pages\/2678\/revisions\/4812"}],"wp:featuredmedia":[{"embeddable":true,"href":"https:\/\/cycorp.com.tr\/tr\/wp-json\/wp\/v2\/media\/2688"}],"wp:attachment":[{"href":"https:\/\/cycorp.com.tr\/tr\/wp-json\/wp\/v2\/media?parent=2678"}],"curies":[{"name":"wp","href":"https:\/\/api.w.org\/{rel}","templated":true}]}}