{"id":3047,"date":"2026-03-09T17:21:16","date_gmt":"2026-03-09T14:21:16","guid":{"rendered":"https:\/\/cycorp.com.tr\/?page_id=3047"},"modified":"2026-04-04T15:39:13","modified_gmt":"2026-04-04T12:39:13","slug":"design-and-contracting","status":"publish","type":"page","link":"https:\/\/cycorp.com.tr\/tr\/design-and-contracting\/","title":{"rendered":"Tasar\u0131m ve S\u00f6zle\u015fme"},"content":{"rendered":"<div data-elementor-type=\"wp-page\" data-elementor-id=\"3047\" class=\"elementor elementor-3047\" data-elementor-post-type=\"page\">\n\t\t\t\t<div class=\"elementor-element elementor-element-78898162 e-flex e-con-boxed e-con e-parent\" data-id=\"78898162\" data-element_type=\"container\" data-e-type=\"container\" data-settings=\"{&quot;background_background&quot;:&quot;classic&quot;}\">\n\t\t\t\t\t<div class=\"e-con-inner\">\n\t\t\t\t<div class=\"elementor-element elementor-element-0094df8 elementor-widget elementor-widget-heading\" data-id=\"0094df8\" data-element_type=\"widget\" data-e-type=\"widget\" data-widget_type=\"heading.default\">\n\t\t\t\t<div class=\"elementor-widget-container\">\n\t\t\t\t\t<h2 class=\"elementor-heading-title elementor-size-default\">DESIGN &amp; CONTRACTING<\/h2>\t\t\t\t<\/div>\n\t\t\t\t<\/div>\n\t\t\t\t\t<\/div>\n\t\t\t\t<\/div>\n\t\t<div class=\"elementor-element elementor-element-0733b82 e-flex e-con-boxed e-con e-parent\" data-id=\"0733b82\" data-element_type=\"container\" data-e-type=\"container\">\n\t\t\t\t\t<div class=\"e-con-inner\">\n\t\t<div class=\"elementor-element elementor-element-801ab77 e-con-full e-flex e-con e-child\" data-id=\"801ab77\" data-element_type=\"container\" data-e-type=\"container\">\n\t\t\t\t<div class=\"elementor-element elementor-element-fd42724 elementor-widget elementor-widget-heading\" data-id=\"fd42724\" data-element_type=\"widget\" data-e-type=\"widget\" data-widget_type=\"heading.default\">\n\t\t\t\t<div class=\"elementor-widget-container\">\n\t\t\t\t\t<h2 class=\"elementor-heading-title elementor-size-default\">Integrated Design &amp; Contracting Solutions<\/h2>\t\t\t\t<\/div>\n\t\t\t\t<\/div>\n\t\t\t\t<div class=\"elementor-element elementor-element-9d7e901 elementor-widget elementor-widget-text-editor\" data-id=\"9d7e901\" data-element_type=\"widget\" data-e-type=\"widget\" data-widget_type=\"text-editor.default\">\n\t\t\t\t<div class=\"elementor-widget-container\">\n\t\t\t\t\t\t\t\t\t<p data-start=\"210\" data-end=\"512\">We provide integrated design and contracting services that bring concept and execution together under a single, controlled framework. By aligning creative direction with practical implementation, we ensure that every project is not only visually compelling but also technically and commercially viable.<\/p><p data-start=\"514\" data-end=\"853\">Our design approach is based on clarity, functionality, and buildability. Each concept is developed with a strong focus on spatial efficiency, user experience, and real-world constraints. We prioritize solutions that are scalable, cost-effective, and aligned with the overall project vision, avoiding unnecessary complexity and overdesign.<\/p><p data-start=\"855\" data-end=\"1169\">On the contracting side, we manage the full lifecycle of project delivery with strict control over timelines, budgets, and quality standards. Our process is driven by detailed planning, precise resource allocation, and disciplined coordination across all stakeholders, ensuring consistent execution at every stage.<\/p><p data-start=\"1171\" data-end=\"1409\">Acting as a single point of responsibility, we eliminate fragmentation between design and construction. This integrated structure reduces risk, minimizes delays, and maintains full alignment from initial concept through to final delivery.<\/p><p data-start=\"1411\" data-end=\"1692\">Our capabilities extend across a wide range of sectors, including commercial, residential, and specialized developments. Whether delivering fast-track projects or large-scale investments, we adapt our workflows to meet project-specific requirements with efficiency and reliability.<\/p><p data-start=\"1694\" data-end=\"1884\" data-is-last-node=\"\" data-is-only-node=\"\">By combining design intelligence with operational discipline, we deliver projects that are both well-conceived and precisely executed \u2014 creating long-term value for clients and stakeholders.<\/p>\t\t\t\t\t\t\t\t<\/div>\n\t\t\t\t<\/div>\n\t\t\t\t<\/div>\n\t\t\t\t\t<\/div>\n\t\t\t\t<\/div>\n\t\t\t\t<\/div>","protected":false},"excerpt":{"rendered":"<p>DESIGN &amp; CONTRACTING Integrated Design &amp; Contracting Solutions We provide integrated design and contracting services that bring concept and execution together under a single, controlled framework. By aligning creative direction with practical implementation, we ensure that every project is not only visually compelling but also technically and commercially viable. Our design approach is based on [&hellip;]<\/p>\n","protected":false},"author":1,"featured_media":0,"parent":0,"menu_order":0,"comment_status":"closed","ping_status":"closed","template":"","meta":{"footnotes":""},"class_list":["post-3047","page","type-page","status-publish","hentry"],"_links":{"self":[{"href":"https:\/\/cycorp.com.tr\/tr\/wp-json\/wp\/v2\/pages\/3047","targetHints":{"allow":["GET"]}}],"collection":[{"href":"https:\/\/cycorp.com.tr\/tr\/wp-json\/wp\/v2\/pages"}],"about":[{"href":"https:\/\/cycorp.com.tr\/tr\/wp-json\/wp\/v2\/types\/page"}],"author":[{"embeddable":true,"href":"https:\/\/cycorp.com.tr\/tr\/wp-json\/wp\/v2\/users\/1"}],"replies":[{"embeddable":true,"href":"https:\/\/cycorp.com.tr\/tr\/wp-json\/wp\/v2\/comments?post=3047"}],"version-history":[{"count":75,"href":"https:\/\/cycorp.com.tr\/tr\/wp-json\/wp\/v2\/pages\/3047\/revisions"}],"predecessor-version":[{"id":4873,"href":"https:\/\/cycorp.com.tr\/tr\/wp-json\/wp\/v2\/pages\/3047\/revisions\/4873"}],"wp:attachment":[{"href":"https:\/\/cycorp.com.tr\/tr\/wp-json\/wp\/v2\/media?parent=3047"}],"curies":[{"name":"wp","href":"https:\/\/api.w.org\/{rel}","templated":true}]}}