{"id":3136,"date":"2026-03-09T19:31:24","date_gmt":"2026-03-09T16:31:24","guid":{"rendered":"https:\/\/cycorp.com.tr\/?page_id=3136"},"modified":"2026-04-04T15:42:29","modified_gmt":"2026-04-04T12:42:29","slug":"global-workforce","status":"publish","type":"page","link":"https:\/\/cycorp.com.tr\/tr\/global-workforce\/","title":{"rendered":"K\u00fcresel \u0130\u015fg\u00fcc\u00fc"},"content":{"rendered":"<div data-elementor-type=\"wp-page\" data-elementor-id=\"3136\" class=\"elementor elementor-3136\" data-elementor-post-type=\"page\">\n\t\t\t\t<div class=\"elementor-element elementor-element-78898162 e-flex e-con-boxed e-con e-parent\" data-id=\"78898162\" data-element_type=\"container\" data-e-type=\"container\" data-settings=\"{&quot;background_background&quot;:&quot;classic&quot;}\">\n\t\t\t\t\t<div class=\"e-con-inner\">\n\t\t\t\t<div class=\"elementor-element elementor-element-0094df8 elementor-widget elementor-widget-heading\" data-id=\"0094df8\" data-element_type=\"widget\" data-e-type=\"widget\" data-widget_type=\"heading.default\">\n\t\t\t\t<div class=\"elementor-widget-container\">\n\t\t\t\t\t<h2 class=\"elementor-heading-title elementor-size-default\">K\u00fcresel \u0130\u015fg\u00fcc\u00fc Y\u00f6netimi<\/h2>\t\t\t\t<\/div>\n\t\t\t\t<\/div>\n\t\t\t\t\t<\/div>\n\t\t\t\t<\/div>\n\t\t<div class=\"elementor-element elementor-element-0733b82 e-flex e-con-boxed e-con e-parent\" data-id=\"0733b82\" data-element_type=\"container\" data-e-type=\"container\">\n\t\t\t\t\t<div class=\"e-con-inner\">\n\t\t<div class=\"elementor-element elementor-element-801ab77 e-con-full e-flex e-con e-child\" data-id=\"801ab77\" data-element_type=\"container\" data-e-type=\"container\">\n\t\t\t\t<div class=\"elementor-element elementor-element-fd42724 elementor-widget elementor-widget-heading\" data-id=\"fd42724\" data-element_type=\"widget\" data-e-type=\"widget\" data-widget_type=\"heading.default\">\n\t\t\t\t<div class=\"elementor-widget-container\">\n\t\t\t\t\t<h2 class=\"elementor-heading-title elementor-size-default\">Global Workforce Management Solutions<\/h2>\t\t\t\t<\/div>\n\t\t\t\t<\/div>\n\t\t\t\t<div class=\"elementor-element elementor-element-9d7e901 elementor-widget elementor-widget-text-editor\" data-id=\"9d7e901\" data-element_type=\"widget\" data-e-type=\"widget\" data-widget_type=\"text-editor.default\">\n\t\t\t\t<div class=\"elementor-widget-container\">\n\t\t\t\t\t\t\t\t\t<p data-start=\"73\" data-end=\"390\">We deliver comprehensive global workforce management solutions that enable organizations to source, deploy, and manage talent efficiently across international markets. Our approach combines strategic workforce planning with operational control, ensuring that the right people are in the right place at the right time.<\/p><p data-start=\"392\" data-end=\"679\">Our services cover the full workforce lifecycle, including recruitment, onboarding, mobility, payroll, compliance, and performance management. We operate with a deep understanding of regional labor regulations, minimizing legal risk while maintaining flexibility in workforce deployment.<\/p><p data-start=\"681\" data-end=\"960\">We specialize in managing cross-border employment structures, supporting companies in navigating complex regulatory environments and workforce logistics. From short-term project staffing to long-term workforce strategies, we provide scalable solutions tailored to business needs.<\/p><p data-start=\"962\" data-end=\"1221\">Through centralized coordination and standardized processes, we ensure consistency, transparency, and efficiency across all operations. Our systems are designed to optimize workforce utilization, reduce administrative burden, and improve overall productivity.<\/p><p data-start=\"1223\" data-end=\"1413\">Acting as a single point of accountability, we streamline communication between stakeholders, eliminate operational gaps, and maintain full control over workforce performance and compliance.<\/p><p data-start=\"1415\" data-end=\"1626\" data-is-last-node=\"\" data-is-only-node=\"\">Whether supporting large-scale industrial projects, corporate expansions, or specialized workforce requirements, we deliver reliable and structured workforce solutions that align with global business objectives.<\/p>\t\t\t\t\t\t\t\t<\/div>\n\t\t\t\t<\/div>\n\t\t\t\t<\/div>\n\t\t\t\t\t<\/div>\n\t\t\t\t<\/div>\n\t\t\t\t<\/div>","protected":false},"excerpt":{"rendered":"<p>Global Workforce Management Global Workforce Management Solutions We deliver comprehensive global workforce management solutions that enable organizations to source, deploy, and manage talent efficiently across international markets. Our approach combines strategic workforce planning with operational control, ensuring that the right people are in the right place at the right time. Our services cover the full [&hellip;]<\/p>\n","protected":false},"author":1,"featured_media":0,"parent":0,"menu_order":0,"comment_status":"closed","ping_status":"closed","template":"","meta":{"footnotes":""},"class_list":["post-3136","page","type-page","status-publish","hentry"],"_links":{"self":[{"href":"https:\/\/cycorp.com.tr\/tr\/wp-json\/wp\/v2\/pages\/3136","targetHints":{"allow":["GET"]}}],"collection":[{"href":"https:\/\/cycorp.com.tr\/tr\/wp-json\/wp\/v2\/pages"}],"about":[{"href":"https:\/\/cycorp.com.tr\/tr\/wp-json\/wp\/v2\/types\/page"}],"author":[{"embeddable":true,"href":"https:\/\/cycorp.com.tr\/tr\/wp-json\/wp\/v2\/users\/1"}],"replies":[{"embeddable":true,"href":"https:\/\/cycorp.com.tr\/tr\/wp-json\/wp\/v2\/comments?post=3136"}],"version-history":[{"count":33,"href":"https:\/\/cycorp.com.tr\/tr\/wp-json\/wp\/v2\/pages\/3136\/revisions"}],"predecessor-version":[{"id":4876,"href":"https:\/\/cycorp.com.tr\/tr\/wp-json\/wp\/v2\/pages\/3136\/revisions\/4876"}],"wp:attachment":[{"href":"https:\/\/cycorp.com.tr\/tr\/wp-json\/wp\/v2\/media?parent=3136"}],"curies":[{"name":"wp","href":"https:\/\/api.w.org\/{rel}","templated":true}]}}