{"id":4142,"date":"2026-03-26T00:48:57","date_gmt":"2026-03-25T21:48:57","guid":{"rendered":"https:\/\/cycorp.com.tr\/?page_id=4142"},"modified":"2026-04-01T19:59:51","modified_gmt":"2026-04-01T16:59:51","slug":"history","status":"publish","type":"page","link":"https:\/\/cycorp.com.tr\/tr\/history\/","title":{"rendered":"Tarih"},"content":{"rendered":"<div data-elementor-type=\"wp-page\" data-elementor-id=\"4142\" class=\"elementor elementor-4142\" data-elementor-post-type=\"page\">\n\t\t\t\t<div class=\"elementor-element elementor-element-39b9a186 e-flex e-con-boxed e-con e-parent\" data-id=\"39b9a186\" data-element_type=\"container\" data-e-type=\"container\" data-settings=\"{&quot;background_background&quot;:&quot;classic&quot;}\">\n\t\t\t\t\t<div class=\"e-con-inner\">\n\t\t\t\t<div class=\"elementor-element elementor-element-106d43c0 elementor-widget elementor-widget-heading\" data-id=\"106d43c0\" data-element_type=\"widget\" data-e-type=\"widget\" data-widget_type=\"heading.default\">\n\t\t\t\t<div class=\"elementor-widget-container\">\n\t\t\t\t\t<h2 class=\"elementor-heading-title elementor-size-default\">TAR\u0130H<\/h2>\t\t\t\t<\/div>\n\t\t\t\t<\/div>\n\t\t\t\t\t<\/div>\n\t\t\t\t<\/div>\n\t\t<div class=\"elementor-element elementor-element-0b211dd e-con-full e-flex e-con e-parent\" data-id=\"0b211dd\" data-element_type=\"container\" data-e-type=\"container\" id=\"history\">\n\t\t<div class=\"elementor-element elementor-element-e49ca65 e-con-full e-flex e-con e-child\" data-id=\"e49ca65\" data-element_type=\"container\" data-e-type=\"container\">\n\t\t\t\t<div class=\"elementor-element elementor-element-9f7d87e elementor-widget elementor-widget-text-editor\" data-id=\"9f7d87e\" data-element_type=\"widget\" data-e-type=\"widget\" data-widget_type=\"text-editor.default\">\n\t\t\t\t<div class=\"elementor-widget-container\">\n\t\t\t\t\t\t\t\t\t<p>Yolculu\u011fumuz 1975 y\u0131l\u0131nda \u0130stanbul&#039;da, yenilik ve m\u00fckemmellik yoluyla anlaml\u0131 bir etki yaratma vizyonuyla ba\u015flad\u0131. On y\u0131llar boyunca bu yolculuk, ulusal s\u0131n\u0131rlar\u0131 a\u015farak \u00f6nce T\u00fcrkiye&#039;ye, ard\u0131ndan Afrika, Orta Do\u011fu ve Avrupa&#039;y\u0131 kapsayan b\u00f6lgelere yay\u0131ld\u0131.<\/p>\n<p>Cycorp, 50 y\u0131ld\u0131r yerel uzmanl\u0131\u011f\u0131 k\u00fcresel bak\u0131\u015f a\u00e7\u0131lar\u0131yla birle\u015ftirerek, \u00e7e\u015fitli sekt\u00f6rlerde geni\u015f bir yelpazede projeyi ba\u015far\u0131yla tasarlad\u0131, y\u00f6netti ve hayata ge\u00e7irdi. Kaliteye, s\u00fcrd\u00fcr\u00fclebilirli\u011fe ve d\u00f6n\u00fc\u015ft\u00fcr\u00fcc\u00fc \u00e7\u00f6z\u00fcmlere olan ba\u011fl\u0131l\u0131\u011f\u0131m\u0131z, d\u00fcnya \u00e7ap\u0131ndaki ortaklar\u0131m\u0131z\u0131n ve m\u00fc\u015fterilerimizin g\u00fcvenini kazanmam\u0131z\u0131 sa\u011flad\u0131.<\/p>\n<p>Gelece\u011fe bakarken, kurulu\u015fumuzdan beri bize rehberlik eden ayn\u0131 tutku ve d\u00fcr\u00fcstl\u00fckle s\u0131n\u0131rlar\u0131 zorlamaya, yeni f\u0131rsatlar\u0131 ke\u015ffetmeye ve hikayemizin bir sonraki b\u00f6l\u00fcm\u00fcn\u00fc \u015fekillendirmeye olan ba\u011fl\u0131l\u0131\u011f\u0131m\u0131z\u0131 s\u00fcrd\u00fcr\u00fcyoruz.<\/p>\t\t\t\t\t\t\t\t<\/div>\n\t\t\t\t<\/div>\n\t\t\t\t<\/div>\n\t\t<div class=\"elementor-element elementor-element-724080b e-flex e-con-boxed e-con e-child\" data-id=\"724080b\" data-element_type=\"container\" data-e-type=\"container\">\n\t\t\t\t\t<div class=\"e-con-inner\">\n\t\t<div class=\"elementor-element elementor-element-6f3381a e-con-full e-flex e-con e-child\" data-id=\"6f3381a\" data-element_type=\"container\" data-e-type=\"container\">\n\t\t\t\t<div class=\"elementor-element elementor-element-31d6fb5 elementor-widget elementor-widget-heading\" data-id=\"31d6fb5\" data-element_type=\"widget\" data-e-type=\"widget\" data-widget_type=\"heading.default\">\n\t\t\t\t<div class=\"elementor-widget-container\">\n\t\t\t\t\t<h2 class=\"elementor-heading-title elementor-size-default\">1<\/h2>\t\t\t\t<\/div>\n\t\t\t\t<\/div>\n\t\t<div class=\"elementor-element elementor-element-a7280e2 e-con-full e-flex e-con e-child\" data-id=\"a7280e2\" data-element_type=\"container\" data-e-type=\"container\">\n\t\t\t\t<div class=\"elementor-element elementor-element-2d638d7 elementor-widget elementor-widget-heading\" data-id=\"2d638d7\" data-element_type=\"widget\" data-e-type=\"widget\" data-widget_type=\"heading.default\">\n\t\t\t\t<div class=\"elementor-widget-container\">\n\t\t\t\t\t<h2 class=\"elementor-heading-title elementor-size-default\">CYCORP GRUBU<\/h2>\t\t\t\t<\/div>\n\t\t\t\t<\/div>\n\t\t\t\t<div class=\"elementor-element elementor-element-b6cdf26 elementor-widget elementor-widget-heading\" data-id=\"b6cdf26\" data-element_type=\"widget\" data-e-type=\"widget\" data-widget_type=\"heading.default\">\n\t\t\t\t<div class=\"elementor-widget-container\">\n\t\t\t\t\t<h2 class=\"elementor-heading-title elementor-size-default\"><a href=\"https:\/\/cycorp.com.tr\/tr\/about-us\/#about-us\">Hakk\u0131m\u0131zda<\/a><\/h2>\t\t\t\t<\/div>\n\t\t\t\t<\/div>\n\t\t\t\t<\/div>\n\t\t\t\t<\/div>\n\t\t<div class=\"elementor-element elementor-element-421e2da e-con-full e-flex e-con e-child\" data-id=\"421e2da\" data-element_type=\"container\" data-e-type=\"container\" data-settings=\"{&quot;background_background&quot;:&quot;gradient&quot;}\">\n\t\t\t\t<div class=\"elementor-element elementor-element-b8a3fba elementor-widget elementor-widget-heading\" data-id=\"b8a3fba\" data-element_type=\"widget\" data-e-type=\"widget\" data-widget_type=\"heading.default\">\n\t\t\t\t<div class=\"elementor-widget-container\">\n\t\t\t\t\t<h2 class=\"elementor-heading-title elementor-size-default\">2<\/h2>\t\t\t\t<\/div>\n\t\t\t\t<\/div>\n\t\t<div class=\"elementor-element elementor-element-bbbc0c9 e-con-full e-flex e-con e-child\" data-id=\"bbbc0c9\" data-element_type=\"container\" data-e-type=\"container\">\n\t\t\t\t<div class=\"elementor-element elementor-element-addd44a elementor-widget elementor-widget-heading\" data-id=\"addd44a\" data-element_type=\"widget\" data-e-type=\"widget\" data-widget_type=\"heading.default\">\n\t\t\t\t<div class=\"elementor-widget-container\">\n\t\t\t\t\t<h2 class=\"elementor-heading-title elementor-size-default\">CYCORP GRUBU<\/h2>\t\t\t\t<\/div>\n\t\t\t\t<\/div>\n\t\t\t\t<div class=\"elementor-element elementor-element-5faaced elementor-widget elementor-widget-heading\" data-id=\"5faaced\" data-element_type=\"widget\" data-e-type=\"widget\" data-widget_type=\"heading.default\">\n\t\t\t\t<div class=\"elementor-widget-container\">\n\t\t\t\t\t<h2 class=\"elementor-heading-title elementor-size-default\"><a href=\"https:\/\/cycorp.com.tr\/tr\/history\/#history\">Tarih<\/a><\/h2>\t\t\t\t<\/div>\n\t\t\t\t<\/div>\n\t\t\t\t<\/div>\n\t\t\t\t<\/div>\n\t\t<div class=\"elementor-element elementor-element-da476e2 e-con-full e-flex e-con e-child\" data-id=\"da476e2\" data-element_type=\"container\" data-e-type=\"container\">\n\t\t\t\t<div class=\"elementor-element elementor-element-002fb5e elementor-widget elementor-widget-heading\" data-id=\"002fb5e\" data-element_type=\"widget\" data-e-type=\"widget\" data-widget_type=\"heading.default\">\n\t\t\t\t<div class=\"elementor-widget-container\">\n\t\t\t\t\t<h2 class=\"elementor-heading-title elementor-size-default\">3<\/h2>\t\t\t\t<\/div>\n\t\t\t\t<\/div>\n\t\t<div class=\"elementor-element elementor-element-28048bf e-con-full e-flex e-con e-child\" data-id=\"28048bf\" data-element_type=\"container\" data-e-type=\"container\">\n\t\t\t\t<div class=\"elementor-element elementor-element-e631da6 elementor-widget elementor-widget-heading\" data-id=\"e631da6\" data-element_type=\"widget\" data-e-type=\"widget\" data-widget_type=\"heading.default\">\n\t\t\t\t<div class=\"elementor-widget-container\">\n\t\t\t\t\t<h2 class=\"elementor-heading-title elementor-size-default\">CYCORP GRUBU<\/h2>\t\t\t\t<\/div>\n\t\t\t\t<\/div>\n\t\t\t\t<div class=\"elementor-element elementor-element-2e24a52 elementor-widget elementor-widget-heading\" data-id=\"2e24a52\" data-element_type=\"widget\" data-e-type=\"widget\" data-widget_type=\"heading.default\">\n\t\t\t\t<div class=\"elementor-widget-container\">\n\t\t\t\t\t<h2 class=\"elementor-heading-title elementor-size-default\"><a href=\"https:\/\/cycorp.com.tr\/tr\/chairman-message\/#message\">Ba\u015fkan\u0131n Mesaj\u0131<\/a><\/h2>\t\t\t\t<\/div>\n\t\t\t\t<\/div>\n\t\t\t\t<\/div>\n\t\t\t\t<\/div>\n\t\t<div class=\"elementor-element elementor-element-d424f70 e-con-full elementor-hidden-desktop elementor-hidden-tablet elementor-hidden-mobile e-flex e-con e-child\" data-id=\"d424f70\" data-element_type=\"container\" data-e-type=\"container\">\n\t\t\t\t<div class=\"elementor-element elementor-element-8ad7969 elementor-widget elementor-widget-heading\" data-id=\"8ad7969\" data-element_type=\"widget\" data-e-type=\"widget\" data-widget_type=\"heading.default\">\n\t\t\t\t<div class=\"elementor-widget-container\">\n\t\t\t\t\t<h2 class=\"elementor-heading-title elementor-size-default\">4<\/h2>\t\t\t\t<\/div>\n\t\t\t\t<\/div>\n\t\t<div class=\"elementor-element elementor-element-09b2e95 e-con-full e-flex e-con e-child\" data-id=\"09b2e95\" data-element_type=\"container\" data-e-type=\"container\">\n\t\t\t\t<div class=\"elementor-element elementor-element-a47b15d elementor-widget elementor-widget-heading\" data-id=\"a47b15d\" data-element_type=\"widget\" data-e-type=\"widget\" data-widget_type=\"heading.default\">\n\t\t\t\t<div class=\"elementor-widget-container\">\n\t\t\t\t\t<h2 class=\"elementor-heading-title elementor-size-default\">CYCORP GRUBU<\/h2>\t\t\t\t<\/div>\n\t\t\t\t<\/div>\n\t\t\t\t<div class=\"elementor-element elementor-element-b99f1ff elementor-widget elementor-widget-heading\" data-id=\"b99f1ff\" data-element_type=\"widget\" data-e-type=\"widget\" data-widget_type=\"heading.default\">\n\t\t\t\t<div class=\"elementor-widget-container\">\n\t\t\t\t\t<h2 class=\"elementor-heading-title elementor-size-default\"><a href=\"https:\/\/cycorp.com.tr\/tr\/board\/#board\">Pano<\/a><\/h2>\t\t\t\t<\/div>\n\t\t\t\t<\/div>\n\t\t\t\t<\/div>\n\t\t\t\t<\/div>\n\t\t<div class=\"elementor-element elementor-element-c967d15 e-con-full elementor-hidden-desktop elementor-hidden-tablet elementor-hidden-mobile e-flex e-con e-child\" data-id=\"c967d15\" data-element_type=\"container\" data-e-type=\"container\">\n\t\t\t\t<div class=\"elementor-element elementor-element-2363e23 elementor-widget elementor-widget-heading\" data-id=\"2363e23\" data-element_type=\"widget\" data-e-type=\"widget\" data-widget_type=\"heading.default\">\n\t\t\t\t<div class=\"elementor-widget-container\">\n\t\t\t\t\t<h2 class=\"elementor-heading-title elementor-size-default\">5<\/h2>\t\t\t\t<\/div>\n\t\t\t\t<\/div>\n\t\t<div class=\"elementor-element elementor-element-f16ed42 e-con-full e-flex e-con e-child\" data-id=\"f16ed42\" data-element_type=\"container\" data-e-type=\"container\">\n\t\t\t\t<div class=\"elementor-element elementor-element-5087acf elementor-widget elementor-widget-heading\" data-id=\"5087acf\" data-element_type=\"widget\" data-e-type=\"widget\" data-widget_type=\"heading.default\">\n\t\t\t\t<div class=\"elementor-widget-container\">\n\t\t\t\t\t<h2 class=\"elementor-heading-title elementor-size-default\">CYCORP GRUBU<\/h2>\t\t\t\t<\/div>\n\t\t\t\t<\/div>\n\t\t\t\t<div class=\"elementor-element elementor-element-00b5813 elementor-widget elementor-widget-heading\" data-id=\"00b5813\" data-element_type=\"widget\" data-e-type=\"widget\" data-widget_type=\"heading.default\">\n\t\t\t\t<div class=\"elementor-widget-container\">\n\t\t\t\t\t<h2 class=\"elementor-heading-title elementor-size-default\">Sosyal Sorumluluk<\/h2>\t\t\t\t<\/div>\n\t\t\t\t<\/div>\n\t\t\t\t<\/div>\n\t\t\t\t<\/div>\n\t\t\t\t\t<\/div>\n\t\t\t\t<\/div>\n\t\t\t\t<\/div>\n\t\t\t\t<\/div>","protected":false},"excerpt":{"rendered":"<p>HISTORY Our journey began in Istanbul in 1975, rooted in a vision to create meaningful impact through innovation and excellence. Over the decades, this journey has grown beyond national borders, extending first across Turkiye and then to regions spanning Africa, the Middle East, and Europe. For 50 years, Cycorp has successfully conceived, managed, and executed [&hellip;]<\/p>\n","protected":false},"author":1,"featured_media":2693,"parent":0,"menu_order":0,"comment_status":"closed","ping_status":"closed","template":"","meta":{"footnotes":""},"class_list":["post-4142","page","type-page","status-publish","has-post-thumbnail","hentry"],"_links":{"self":[{"href":"https:\/\/cycorp.com.tr\/tr\/wp-json\/wp\/v2\/pages\/4142","targetHints":{"allow":["GET"]}}],"collection":[{"href":"https:\/\/cycorp.com.tr\/tr\/wp-json\/wp\/v2\/pages"}],"about":[{"href":"https:\/\/cycorp.com.tr\/tr\/wp-json\/wp\/v2\/types\/page"}],"author":[{"embeddable":true,"href":"https:\/\/cycorp.com.tr\/tr\/wp-json\/wp\/v2\/users\/1"}],"replies":[{"embeddable":true,"href":"https:\/\/cycorp.com.tr\/tr\/wp-json\/wp\/v2\/comments?post=4142"}],"version-history":[{"count":61,"href":"https:\/\/cycorp.com.tr\/tr\/wp-json\/wp\/v2\/pages\/4142\/revisions"}],"predecessor-version":[{"id":4736,"href":"https:\/\/cycorp.com.tr\/tr\/wp-json\/wp\/v2\/pages\/4142\/revisions\/4736"}],"wp:featuredmedia":[{"embeddable":true,"href":"https:\/\/cycorp.com.tr\/tr\/wp-json\/wp\/v2\/media\/2693"}],"wp:attachment":[{"href":"https:\/\/cycorp.com.tr\/tr\/wp-json\/wp\/v2\/media?parent=4142"}],"curies":[{"name":"wp","href":"https:\/\/api.w.org\/{rel}","templated":true}]}}