{"id":4171,"date":"2026-03-26T01:02:13","date_gmt":"2026-03-25T22:02:13","guid":{"rendered":"https:\/\/cycorp.com.tr\/?page_id=4171"},"modified":"2026-04-01T19:58:19","modified_gmt":"2026-04-01T16:58:19","slug":"chairman-message","status":"publish","type":"page","link":"https:\/\/cycorp.com.tr\/tr\/chairman-message\/","title":{"rendered":"Ba\u015fkan\u0131n Mesaj\u0131"},"content":{"rendered":"<div data-elementor-type=\"wp-page\" data-elementor-id=\"4171\" class=\"elementor elementor-4171\" data-elementor-post-type=\"page\">\n\t\t\t\t<div class=\"elementor-element elementor-element-39b9a186 e-flex e-con-boxed e-con e-parent\" data-id=\"39b9a186\" data-element_type=\"container\" data-e-type=\"container\" data-settings=\"{&quot;background_background&quot;:&quot;classic&quot;}\">\n\t\t\t\t\t<div class=\"e-con-inner\">\n\t\t\t\t<div class=\"elementor-element elementor-element-106d43c0 elementor-widget elementor-widget-heading\" data-id=\"106d43c0\" data-element_type=\"widget\" data-e-type=\"widget\" data-widget_type=\"heading.default\">\n\t\t\t\t<div class=\"elementor-widget-container\">\n\t\t\t\t\t<h2 class=\"elementor-heading-title elementor-size-default\">Ba\u015fkan\u0131n Mesaj\u0131<\/h2>\t\t\t\t<\/div>\n\t\t\t\t<\/div>\n\t\t\t\t\t<\/div>\n\t\t\t\t<\/div>\n\t\t<div class=\"elementor-element elementor-element-0b211dd e-con-full e-flex e-con e-parent\" data-id=\"0b211dd\" data-element_type=\"container\" data-e-type=\"container\" id=\"message\">\n\t\t<div class=\"elementor-element elementor-element-e49ca65 e-con-full e-flex e-con e-child\" data-id=\"e49ca65\" data-element_type=\"container\" data-e-type=\"container\">\n\t\t\t\t<div class=\"elementor-element elementor-element-9f7d87e elementor-widget elementor-widget-text-editor\" data-id=\"9f7d87e\" data-element_type=\"widget\" data-e-type=\"widget\" data-widget_type=\"text-editor.default\">\n\t\t\t\t<div class=\"elementor-widget-container\">\n\t\t\t\t\t\t\t\t\t<p style=\"text-align: center;\" data-pm-slice=\"0 0 []\"><strong>De\u011ferli Yat\u0131r\u0131mc\u0131lar, \u0130\u015f Ortaklar\u0131 ve De\u011ferli Meslekta\u015flar;<\/strong><\/p>\n<p>1975&#039;teki kurulu\u015fumuzdan bu yana Cycorp, tek bir vizyonla hareket etmektedir: yenilik, m\u00fckemmellik ve d\u00fcr\u00fcstl\u00fck yoluyla kal\u0131c\u0131 de\u011fer yaratmak. \u0130stanbul&#039;da ba\u015flayan bu yolculuk, on y\u0131llar i\u00e7inde T\u00fcrkiye, Afrika, Orta Do\u011fu ve Avrupa&#039;ya yay\u0131larak \u00e7e\u015fitli topluluklar ve sekt\u00f6rler \u00fczerinde anlaml\u0131 bir etki yaratmam\u0131z\u0131 sa\u011flam\u0131\u015ft\u0131r.<\/p>\n<p>G\u00fcc\u00fcm\u00fcz, \u00e7al\u0131\u015fanlar\u0131m\u0131zda, kaliteye olan ba\u011fl\u0131l\u0131\u011f\u0131m\u0131zda ve s\u00fcrekli de\u011fi\u015fen k\u00fcresel ortama uyum sa\u011flama ve geli\u015fme yetene\u011fimizde yatmaktad\u0131r. 50 y\u0131ld\u0131r, yaln\u0131zca beklentileri kar\u015f\u0131lamakla kalmay\u0131p \u00e7o\u011fu zaman yeni standartlar belirleyen projeler ger\u00e7ekle\u015ftirerek, s\u00fcrd\u00fcr\u00fclebilir ve d\u00f6n\u00fc\u015ft\u00fcr\u00fcc\u00fc \u00e7\u00f6z\u00fcmlere olan ba\u011fl\u0131l\u0131\u011f\u0131m\u0131z\u0131 yans\u0131t\u0131yoruz.<\/p>\n<p>Gelece\u011fe bakt\u0131\u011f\u0131m\u0131zda, Cycorp&#039;u kurulu\u015fundan beri y\u00f6nlendiren ayn\u0131 tutku ve d\u00fcr\u00fcstl\u00fckle s\u0131n\u0131rlar\u0131 zorlamaya, yeni ufuklar ke\u015ffetmeye ve gelece\u011fi \u015fekillendirmeye olan ba\u011fl\u0131l\u0131\u011f\u0131m\u0131z\u0131 s\u00fcrd\u00fcr\u00fcyoruz. Miras\u0131m\u0131zla gurur duyuyor ve in\u015fa etmeye, yenilik yapmaya ve ilham vermeye devam ederken \u00f6n\u00fcm\u00fczdeki f\u0131rsatlar i\u00e7in de ayn\u0131 derecede heyecanl\u0131y\u0131z.<\/p>\n<p><strong>Sayg\u0131lar\u0131mla,<\/strong><\/p>\n<p><strong>Y\u00f6netim Kurulu Ba\u015fkan\u0131<\/strong><\/p>\n<p><strong>Canay YILMAZ<\/strong><\/p>\t\t\t\t\t\t\t\t<\/div>\n\t\t\t\t<\/div>\n\t\t\t\t<\/div>\n\t\t<div class=\"elementor-element elementor-element-724080b e-flex e-con-boxed e-con e-child\" data-id=\"724080b\" data-element_type=\"container\" data-e-type=\"container\">\n\t\t\t\t\t<div class=\"e-con-inner\">\n\t\t<div class=\"elementor-element elementor-element-6f3381a e-con-full e-flex e-con e-child\" data-id=\"6f3381a\" data-element_type=\"container\" data-e-type=\"container\">\n\t\t\t\t<div class=\"elementor-element elementor-element-31d6fb5 elementor-widget elementor-widget-heading\" data-id=\"31d6fb5\" data-element_type=\"widget\" data-e-type=\"widget\" data-widget_type=\"heading.default\">\n\t\t\t\t<div class=\"elementor-widget-container\">\n\t\t\t\t\t<h2 class=\"elementor-heading-title elementor-size-default\">1<\/h2>\t\t\t\t<\/div>\n\t\t\t\t<\/div>\n\t\t<div class=\"elementor-element elementor-element-a7280e2 e-con-full e-flex e-con e-child\" data-id=\"a7280e2\" data-element_type=\"container\" data-e-type=\"container\">\n\t\t\t\t<div class=\"elementor-element elementor-element-2d638d7 elementor-widget elementor-widget-heading\" data-id=\"2d638d7\" data-element_type=\"widget\" data-e-type=\"widget\" data-widget_type=\"heading.default\">\n\t\t\t\t<div class=\"elementor-widget-container\">\n\t\t\t\t\t<h2 class=\"elementor-heading-title elementor-size-default\">CYCORP GRUBU<\/h2>\t\t\t\t<\/div>\n\t\t\t\t<\/div>\n\t\t\t\t<div class=\"elementor-element elementor-element-b6cdf26 elementor-widget elementor-widget-heading\" data-id=\"b6cdf26\" data-element_type=\"widget\" data-e-type=\"widget\" data-widget_type=\"heading.default\">\n\t\t\t\t<div class=\"elementor-widget-container\">\n\t\t\t\t\t<h2 class=\"elementor-heading-title elementor-size-default\"><a href=\"https:\/\/cycorp.com.tr\/tr\/about-us\/#about-us\">Hakk\u0131m\u0131zda<\/a><\/h2>\t\t\t\t<\/div>\n\t\t\t\t<\/div>\n\t\t\t\t<\/div>\n\t\t\t\t<\/div>\n\t\t<div class=\"elementor-element elementor-element-421e2da e-con-full e-flex e-con e-child\" data-id=\"421e2da\" data-element_type=\"container\" data-e-type=\"container\">\n\t\t\t\t<div class=\"elementor-element elementor-element-b8a3fba elementor-widget elementor-widget-heading\" data-id=\"b8a3fba\" data-element_type=\"widget\" data-e-type=\"widget\" data-widget_type=\"heading.default\">\n\t\t\t\t<div class=\"elementor-widget-container\">\n\t\t\t\t\t<h2 class=\"elementor-heading-title elementor-size-default\">2<\/h2>\t\t\t\t<\/div>\n\t\t\t\t<\/div>\n\t\t<div class=\"elementor-element elementor-element-bbbc0c9 e-con-full e-flex e-con e-child\" data-id=\"bbbc0c9\" data-element_type=\"container\" data-e-type=\"container\">\n\t\t\t\t<div class=\"elementor-element elementor-element-addd44a elementor-widget elementor-widget-heading\" data-id=\"addd44a\" data-element_type=\"widget\" data-e-type=\"widget\" data-widget_type=\"heading.default\">\n\t\t\t\t<div class=\"elementor-widget-container\">\n\t\t\t\t\t<h2 class=\"elementor-heading-title elementor-size-default\">CYCORP GRUBU<\/h2>\t\t\t\t<\/div>\n\t\t\t\t<\/div>\n\t\t\t\t<div class=\"elementor-element elementor-element-5faaced elementor-widget elementor-widget-heading\" data-id=\"5faaced\" data-element_type=\"widget\" data-e-type=\"widget\" data-widget_type=\"heading.default\">\n\t\t\t\t<div class=\"elementor-widget-container\">\n\t\t\t\t\t<h2 class=\"elementor-heading-title elementor-size-default\"><a href=\"https:\/\/cycorp.com.tr\/tr\/history\/#history\">Tarih<\/a><\/h2>\t\t\t\t<\/div>\n\t\t\t\t<\/div>\n\t\t\t\t<\/div>\n\t\t\t\t<\/div>\n\t\t<div class=\"elementor-element elementor-element-da476e2 e-con-full e-flex e-con e-child\" data-id=\"da476e2\" data-element_type=\"container\" data-e-type=\"container\" data-settings=\"{&quot;background_background&quot;:&quot;gradient&quot;}\">\n\t\t\t\t<div class=\"elementor-element elementor-element-002fb5e elementor-widget elementor-widget-heading\" data-id=\"002fb5e\" data-element_type=\"widget\" data-e-type=\"widget\" data-widget_type=\"heading.default\">\n\t\t\t\t<div class=\"elementor-widget-container\">\n\t\t\t\t\t<h2 class=\"elementor-heading-title elementor-size-default\">3<\/h2>\t\t\t\t<\/div>\n\t\t\t\t<\/div>\n\t\t<div class=\"elementor-element elementor-element-28048bf e-con-full e-flex e-con e-child\" data-id=\"28048bf\" data-element_type=\"container\" data-e-type=\"container\">\n\t\t\t\t<div class=\"elementor-element elementor-element-e631da6 elementor-widget elementor-widget-heading\" data-id=\"e631da6\" data-element_type=\"widget\" data-e-type=\"widget\" data-widget_type=\"heading.default\">\n\t\t\t\t<div class=\"elementor-widget-container\">\n\t\t\t\t\t<h2 class=\"elementor-heading-title elementor-size-default\">CYCORP GRUBU<\/h2>\t\t\t\t<\/div>\n\t\t\t\t<\/div>\n\t\t\t\t<div class=\"elementor-element elementor-element-2e24a52 elementor-widget elementor-widget-heading\" data-id=\"2e24a52\" data-element_type=\"widget\" data-e-type=\"widget\" data-widget_type=\"heading.default\">\n\t\t\t\t<div class=\"elementor-widget-container\">\n\t\t\t\t\t<h2 class=\"elementor-heading-title elementor-size-default\"><a href=\"https:\/\/cycorp.com.tr\/tr\/chairman-message\/#message\">Ba\u015fkan\u0131n Mesaj\u0131<\/a><\/h2>\t\t\t\t<\/div>\n\t\t\t\t<\/div>\n\t\t\t\t<\/div>\n\t\t\t\t<\/div>\n\t\t<div class=\"elementor-element elementor-element-d424f70 e-con-full elementor-hidden-desktop elementor-hidden-tablet elementor-hidden-mobile e-flex e-con e-child\" data-id=\"d424f70\" data-element_type=\"container\" data-e-type=\"container\">\n\t\t\t\t<div class=\"elementor-element elementor-element-8ad7969 elementor-widget elementor-widget-heading\" data-id=\"8ad7969\" data-element_type=\"widget\" data-e-type=\"widget\" data-widget_type=\"heading.default\">\n\t\t\t\t<div class=\"elementor-widget-container\">\n\t\t\t\t\t<h2 class=\"elementor-heading-title elementor-size-default\">4<\/h2>\t\t\t\t<\/div>\n\t\t\t\t<\/div>\n\t\t<div class=\"elementor-element elementor-element-09b2e95 e-con-full e-flex e-con e-child\" data-id=\"09b2e95\" data-element_type=\"container\" data-e-type=\"container\">\n\t\t\t\t<div class=\"elementor-element elementor-element-a47b15d elementor-widget elementor-widget-heading\" data-id=\"a47b15d\" data-element_type=\"widget\" data-e-type=\"widget\" data-widget_type=\"heading.default\">\n\t\t\t\t<div class=\"elementor-widget-container\">\n\t\t\t\t\t<h2 class=\"elementor-heading-title elementor-size-default\">CYCORP GRUBU<\/h2>\t\t\t\t<\/div>\n\t\t\t\t<\/div>\n\t\t\t\t<div class=\"elementor-element elementor-element-b99f1ff elementor-widget elementor-widget-heading\" data-id=\"b99f1ff\" data-element_type=\"widget\" data-e-type=\"widget\" data-widget_type=\"heading.default\">\n\t\t\t\t<div class=\"elementor-widget-container\">\n\t\t\t\t\t<h2 class=\"elementor-heading-title elementor-size-default\"><a href=\"https:\/\/cycorp.com.tr\/tr\/board\/#board\">Pano<\/a><\/h2>\t\t\t\t<\/div>\n\t\t\t\t<\/div>\n\t\t\t\t<\/div>\n\t\t\t\t<\/div>\n\t\t<div class=\"elementor-element elementor-element-c967d15 e-con-full elementor-hidden-desktop elementor-hidden-tablet elementor-hidden-mobile e-flex e-con e-child\" data-id=\"c967d15\" data-element_type=\"container\" data-e-type=\"container\">\n\t\t\t\t<div class=\"elementor-element elementor-element-2363e23 elementor-widget elementor-widget-heading\" data-id=\"2363e23\" data-element_type=\"widget\" data-e-type=\"widget\" data-widget_type=\"heading.default\">\n\t\t\t\t<div class=\"elementor-widget-container\">\n\t\t\t\t\t<h2 class=\"elementor-heading-title elementor-size-default\">5<\/h2>\t\t\t\t<\/div>\n\t\t\t\t<\/div>\n\t\t<div class=\"elementor-element elementor-element-f16ed42 e-con-full e-flex e-con e-child\" data-id=\"f16ed42\" data-element_type=\"container\" data-e-type=\"container\">\n\t\t\t\t<div class=\"elementor-element elementor-element-5087acf elementor-widget elementor-widget-heading\" data-id=\"5087acf\" data-element_type=\"widget\" data-e-type=\"widget\" data-widget_type=\"heading.default\">\n\t\t\t\t<div class=\"elementor-widget-container\">\n\t\t\t\t\t<h2 class=\"elementor-heading-title elementor-size-default\">CYCORP GRUBU<\/h2>\t\t\t\t<\/div>\n\t\t\t\t<\/div>\n\t\t\t\t<div class=\"elementor-element elementor-element-00b5813 elementor-widget elementor-widget-heading\" data-id=\"00b5813\" data-element_type=\"widget\" data-e-type=\"widget\" data-widget_type=\"heading.default\">\n\t\t\t\t<div class=\"elementor-widget-container\">\n\t\t\t\t\t<h2 class=\"elementor-heading-title elementor-size-default\">Sosyal Sorumluluk<\/h2>\t\t\t\t<\/div>\n\t\t\t\t<\/div>\n\t\t\t\t<\/div>\n\t\t\t\t<\/div>\n\t\t\t\t\t<\/div>\n\t\t\t\t<\/div>\n\t\t\t\t<\/div>\n\t\t\t\t<\/div>","protected":false},"excerpt":{"rendered":"<p>Chairman&#8217;s Message Dear Investors, Business Partners and Dear Colleagues; Since our founding in 1975, Cycorp has been driven by a singular vision: to create lasting value through innovation, excellence, and integrity. What began as a journey in Istanbul has, over the decades, grown into a presence across Turkiye, Africa, the Middle East, and Europe, allowing [&hellip;]<\/p>\n","protected":false},"author":1,"featured_media":2693,"parent":0,"menu_order":0,"comment_status":"closed","ping_status":"closed","template":"","meta":{"footnotes":""},"class_list":["post-4171","page","type-page","status-publish","has-post-thumbnail","hentry"],"_links":{"self":[{"href":"https:\/\/cycorp.com.tr\/tr\/wp-json\/wp\/v2\/pages\/4171","targetHints":{"allow":["GET"]}}],"collection":[{"href":"https:\/\/cycorp.com.tr\/tr\/wp-json\/wp\/v2\/pages"}],"about":[{"href":"https:\/\/cycorp.com.tr\/tr\/wp-json\/wp\/v2\/types\/page"}],"author":[{"embeddable":true,"href":"https:\/\/cycorp.com.tr\/tr\/wp-json\/wp\/v2\/users\/1"}],"replies":[{"embeddable":true,"href":"https:\/\/cycorp.com.tr\/tr\/wp-json\/wp\/v2\/comments?post=4171"}],"version-history":[{"count":52,"href":"https:\/\/cycorp.com.tr\/tr\/wp-json\/wp\/v2\/pages\/4171\/revisions"}],"predecessor-version":[{"id":4733,"href":"https:\/\/cycorp.com.tr\/tr\/wp-json\/wp\/v2\/pages\/4171\/revisions\/4733"}],"wp:featuredmedia":[{"embeddable":true,"href":"https:\/\/cycorp.com.tr\/tr\/wp-json\/wp\/v2\/media\/2693"}],"wp:attachment":[{"href":"https:\/\/cycorp.com.tr\/tr\/wp-json\/wp\/v2\/media?parent=4171"}],"curies":[{"name":"wp","href":"https:\/\/api.w.org\/{rel}","templated":true}]}}