{"id":4844,"date":"2026-04-04T14:35:29","date_gmt":"2026-04-04T11:35:29","guid":{"rendered":"https:\/\/cycorp.com.tr\/?page_id=4844"},"modified":"2026-04-07T13:13:21","modified_gmt":"2026-04-07T10:13:21","slug":"aluminium-facade-systems-manufacturing-installation","status":"publish","type":"page","link":"https:\/\/cycorp.com.tr\/tr\/aluminium-facade-systems-manufacturing-installation\/","title":{"rendered":"Aluminium Fa\u00e7ade Systems Manufacturing &#038; Installation"},"content":{"rendered":"<div data-elementor-type=\"wp-page\" data-elementor-id=\"4844\" class=\"elementor elementor-4844\" data-elementor-post-type=\"page\">\n\t\t\t\t<div class=\"elementor-element elementor-element-78898162 e-flex e-con-boxed e-con e-parent\" data-id=\"78898162\" data-element_type=\"container\" data-e-type=\"container\" data-settings=\"{&quot;background_background&quot;:&quot;classic&quot;}\">\n\t\t\t\t\t<div class=\"e-con-inner\">\n\t\t\t\t<div class=\"elementor-element elementor-element-0094df8 elementor-widget elementor-widget-heading\" data-id=\"0094df8\" data-element_type=\"widget\" data-e-type=\"widget\" data-widget_type=\"heading.default\">\n\t\t\t\t<div class=\"elementor-widget-container\">\n\t\t\t\t\t<h2 class=\"elementor-heading-title elementor-size-default\">Aluminium Fa\u00e7ade Systems Manufacturing &amp; Installation<\/h2>\t\t\t\t<\/div>\n\t\t\t\t<\/div>\n\t\t\t\t\t<\/div>\n\t\t\t\t<\/div>\n\t\t<div class=\"elementor-element elementor-element-0733b82 e-flex e-con-boxed e-con e-parent\" data-id=\"0733b82\" data-element_type=\"container\" data-e-type=\"container\">\n\t\t\t\t\t<div class=\"e-con-inner\">\n\t\t<div class=\"elementor-element elementor-element-801ab77 e-con-full e-flex e-con e-child\" data-id=\"801ab77\" data-element_type=\"container\" data-e-type=\"container\">\n\t\t\t\t<div class=\"elementor-element elementor-element-fd42724 elementor-widget elementor-widget-heading\" data-id=\"fd42724\" data-element_type=\"widget\" data-e-type=\"widget\" data-widget_type=\"heading.default\">\n\t\t\t\t<div class=\"elementor-widget-container\">\n\t\t\t\t\t<h2 class=\"elementor-heading-title elementor-size-default\">Aluminium Fa\u00e7ade Systems Manufacturing &amp; Installation<\/h2>\t\t\t\t<\/div>\n\t\t\t\t<\/div>\n\t\t\t\t<div class=\"elementor-element elementor-element-9d7e901 elementor-widget elementor-widget-text-editor\" data-id=\"9d7e901\" data-element_type=\"widget\" data-e-type=\"widget\" data-widget_type=\"text-editor.default\">\n\t\t\t\t<div class=\"elementor-widget-container\">\n\t\t\t\t\t\t\t\t\t<p data-start=\"89\" data-end=\"419\">We deliver integrated aluminium fa\u00e7ade systems through a combination of in-house manufacturing and professional installation, ensuring precision, durability, and architectural integrity. Our approach aligns engineering performance with design intent, providing fa\u00e7ade solutions that meet both aesthetic and technical requirements.<\/p><p data-start=\"421\" data-end=\"711\">Our manufacturing process is based on advanced fabrication technologies, strict quality control, and high-performance material selection. We produce customized fa\u00e7ade systems tailored to project specifications, including curtain walls, cladding systems, and structural glazing applications.<\/p><p data-start=\"713\" data-end=\"1002\">Each system is engineered to meet international standards for thermal insulation, weather resistance, structural performance, and energy efficiency. We prioritize buildability and long-term durability, ensuring that every component performs reliably under varying environmental conditions.<\/p><p data-start=\"1004\" data-end=\"1257\">On the installation side, we manage all on-site operations with disciplined planning, accurate execution, and full coordination with project stakeholders. Our teams ensure precise assembly, alignment, and integration with the overall building structure.<\/p><p data-start=\"1259\" data-end=\"1536\">By combining manufacturing and installation under a single operational framework, we eliminate inconsistencies between production and application. This integrated model reduces risk, shortens project timelines, and ensures consistent quality from fabrication to final delivery.<\/p><p data-start=\"1538\" data-end=\"1738\" data-is-last-node=\"\" data-is-only-node=\"\">Our fa\u00e7ade solutions are applied across commercial, residential, and large-scale developments, delivering high-performance building envelopes that enhance both visual impact and functional efficiency.<\/p>\t\t\t\t\t\t\t\t<\/div>\n\t\t\t\t<\/div>\n\t\t\t\t<\/div>\n\t\t\t\t\t<\/div>\n\t\t\t\t<\/div>\n\t\t\t\t<\/div>","protected":false},"excerpt":{"rendered":"<p>Aluminium Fa\u00e7ade Systems Manufacturing &amp; Installation Aluminium Fa\u00e7ade Systems Manufacturing &amp; Installation We deliver integrated aluminium fa\u00e7ade systems through a combination of in-house manufacturing and professional installation, ensuring precision, durability, and architectural integrity. Our approach aligns engineering performance with design intent, providing fa\u00e7ade solutions that meet both aesthetic and technical requirements. Our manufacturing process is [&hellip;]<\/p>\n","protected":false},"author":1,"featured_media":0,"parent":0,"menu_order":0,"comment_status":"closed","ping_status":"closed","template":"","meta":{"footnotes":""},"class_list":["post-4844","page","type-page","status-publish","hentry"],"_links":{"self":[{"href":"https:\/\/cycorp.com.tr\/tr\/wp-json\/wp\/v2\/pages\/4844","targetHints":{"allow":["GET"]}}],"collection":[{"href":"https:\/\/cycorp.com.tr\/tr\/wp-json\/wp\/v2\/pages"}],"about":[{"href":"https:\/\/cycorp.com.tr\/tr\/wp-json\/wp\/v2\/types\/page"}],"author":[{"embeddable":true,"href":"https:\/\/cycorp.com.tr\/tr\/wp-json\/wp\/v2\/users\/1"}],"replies":[{"embeddable":true,"href":"https:\/\/cycorp.com.tr\/tr\/wp-json\/wp\/v2\/comments?post=4844"}],"version-history":[{"count":5,"href":"https:\/\/cycorp.com.tr\/tr\/wp-json\/wp\/v2\/pages\/4844\/revisions"}],"predecessor-version":[{"id":4910,"href":"https:\/\/cycorp.com.tr\/tr\/wp-json\/wp\/v2\/pages\/4844\/revisions\/4910"}],"wp:attachment":[{"href":"https:\/\/cycorp.com.tr\/tr\/wp-json\/wp\/v2\/media?parent=4844"}],"curies":[{"name":"wp","href":"https:\/\/api.w.org\/{rel}","templated":true}]}}